{"id":21,"date":"2022-03-30T07:27:12","date_gmt":"2022-03-30T07:27:12","guid":{"rendered":"https:\/\/www.digitrash.de\/?page_id=21"},"modified":"2024-03-20T08:06:01","modified_gmt":"2024-03-20T08:06:01","slug":"links","status":"publish","type":"page","link":"https:\/\/www.digitrash.de\/?page_id=21","title":{"rendered":"LINKS"},"content":{"rendered":"\n<pre class=\"wp-block-preformatted has-cyan-bluish-gray-color has-black-background-color has-text-color has-background\">LINKS<\/pre>\n\n\n\n<div class=\"wp-block-columns is-layout-flex wp-container-core-columns-is-layout-9d6595d7 wp-block-columns-is-layout-flex\">\n<div class=\"wp-block-column is-layout-flow wp-block-column-is-layout-flow\">\n<pre class=\"wp-block-preformatted has-cyan-bluish-gray-color has-black-background-color has-text-color has-background\">Trotz sorgf\u00e4ltiger inhaltlicher Kontrolle wird keine Haftung f\u00fcr die inhalte externer Links \u00fcbernommen.\nF\u00fcr den Inhalt der verlinkten Seiten sind ausschlie\u00dflich deren Betreiber verantwortlich.\n\n<a href=\"http:\/\/experimentellemusik.de\/\" target=\"_blank\" rel=\"noreferrer noopener\">EXPERIMENTELLE MUSIK<\/a>\n<a href=\"https:\/\/experimentellemusik.blogspot.com\/\" target=\"_blank\" rel=\"noreferrer noopener\">EXPERIMENTELLE MUSIK BLOG<\/a>\n<a href=\"http:\/\/www.edition-telemark.de\/\" target=\"_blank\" rel=\"noreferrer noopener\">EDITION TELEMARK<\/a><\/pre>\n<\/div>\n\n\n\n<div class=\"wp-block-column is-layout-flow wp-block-column-is-layout-flow\">\n<pre class=\"wp-block-preformatted has-cyan-bluish-gray-color has-black-background-color has-text-color has-background\">Despite careful content control, no liability is assumed for the content of external links.\nThe operators of the linked pages are solely responsible for their content.\n\n<a href=\"http:\/\/experimentellemusik.de\/\" target=\"_blank\" rel=\"noreferrer noopener\">EXPERIMENTELLE MUSIK<\/a>\n<a href=\"https:\/\/experimentellemusik.blogspot.com\/\" target=\"_blank\" rel=\"noreferrer noopener\">EXPERIMENTELLE MUSIK BLOG<\/a>\n<a href=\"http:\/\/www.edition-telemark.de\/\" target=\"_blank\" rel=\"noreferrer noopener\">EDITION TELEMARK<\/a><\/pre>\n<\/div>\n<\/div>\n\n\n\n<p><\/p>\n","protected":false},"excerpt":{"rendered":"<p>LINKS Trotz sorgf\u00e4ltiger inhaltlicher Kontrolle wird keine Haftung f\u00fcr die inhalte externer Links \u00fcbernommen. F\u00fcr den Inhalt der verlinkten Seiten sind ausschlie\u00dflich deren Betreiber verantwortlich. EXPERIMENTELLE MUSIK EXPERIMENTELLE MUSIK BLOG EDITION TELEMARK Despite careful content control, no liability is assumed for the content of external links. The operators of the linked pages are solely responsible &hellip; <\/p>\n<p class=\"link-more\"><a href=\"https:\/\/www.digitrash.de\/?page_id=21\" class=\"more-link\">Continue reading<span class=\"screen-reader-text\"> &#8222;LINKS&#8220;<\/span><\/a><\/p>\n","protected":false},"author":1,"featured_media":0,"parent":2,"menu_order":0,"comment_status":"closed","ping_status":"closed","template":"templates\/wide-page-template.php","meta":{"footnotes":""},"class_list":["post-21","page","type-page","status-publish","hentry","no-thumbnail"],"_links":{"self":[{"href":"https:\/\/www.digitrash.de\/index.php?rest_route=\/wp\/v2\/pages\/21","targetHints":{"allow":["GET"]}}],"collection":[{"href":"https:\/\/www.digitrash.de\/index.php?rest_route=\/wp\/v2\/pages"}],"about":[{"href":"https:\/\/www.digitrash.de\/index.php?rest_route=\/wp\/v2\/types\/page"}],"author":[{"embeddable":true,"href":"https:\/\/www.digitrash.de\/index.php?rest_route=\/wp\/v2\/users\/1"}],"replies":[{"embeddable":true,"href":"https:\/\/www.digitrash.de\/index.php?rest_route=%2Fwp%2Fv2%2Fcomments&post=21"}],"version-history":[{"count":4,"href":"https:\/\/www.digitrash.de\/index.php?rest_route=\/wp\/v2\/pages\/21\/revisions"}],"predecessor-version":[{"id":390,"href":"https:\/\/www.digitrash.de\/index.php?rest_route=\/wp\/v2\/pages\/21\/revisions\/390"}],"up":[{"embeddable":true,"href":"https:\/\/www.digitrash.de\/index.php?rest_route=\/wp\/v2\/pages\/2"}],"wp:attachment":[{"href":"https:\/\/www.digitrash.de\/index.php?rest_route=%2Fwp%2Fv2%2Fmedia&parent=21"}],"curies":[{"name":"wp","href":"https:\/\/api.w.org\/{rel}","templated":true}]}}