{"id":3,"date":"2022-03-30T06:02:46","date_gmt":"2022-03-30T06:02:46","guid":{"rendered":"https:\/\/www.digitrash.de\/?page_id=3"},"modified":"2024-03-13T07:16:56","modified_gmt":"2024-03-13T07:16:56","slug":"privacy-policy","status":"publish","type":"page","link":"https:\/\/www.digitrash.de\/?page_id=3","title":{"rendered":"IMPRESSUM UND DATENSCHUTZERKL\u00c4RUNG"},"content":{"rendered":"\n<pre class=\"wp-block-preformatted has-cyan-bluish-gray-color has-black-background-color has-text-color has-background has-link-color wp-elements-f0393ca5b863191c9dd9cb0c6b9ddbbe\">IMPRESSUM UND DATENSCHUTZERKL\u00c4RUNG\n\nHerausgeber:\n\nThomas M\u00fcller\nVehliner Dorfstra\u00dfe. 40\n16866 Vehlin\n+49.157.54386369\nmueller451@protonmail.com\n\n<strong>URHEBERRECHT<\/strong>\n\nTexte, Bilder und Grafiken dieser Website unterliegen dem Schutz des Urheberrechts und weiterer Schutzgesetze. Sie d\u00fcrfen nicht zu kommerziellen Zwecken kopiert, verbreitet oder ver\u00e4ndert werden.\n\n<strong>HAFTUNG UND GARANTIE<\/strong>\n\ndigitrash.de schlie\u00dft jede Haftung aus f\u00fcr Sch\u00e4den, die direkt oder indirekt aus der Benutzung dieser Website entstehen.\nTrotz sorgf\u00e4ltiger Bearbeitung kann die Fehlerfreiheit oder Genauigkeit der Informationen auf dieser Website nicht garantiert werden.\n\nIch \u00fcbernehme keine Haftung f\u00fcr die Inhalte externer Links auf meiner Seite. F\u00fcr den Inhalt der verlinkten Seiten sind ausschlie\u00dflich deren Betreiber verantwortlich.\n\n<strong>DATENSCHUTZERKL\u00c4RUNG<\/strong>\n\nDie Betreiber dieser Seiten nehmen den Schutz Ihrer pers\u00f6nlichen Daten sehr ernst. Wir behandeln Ihre personenbezogenen Daten vertraulich und entsprechend der gesetzlichen Datenschutzvorschriften sowie dieser Datenschutzerkl\u00e4rung.\nDie Nutzung unserer Website ist in der Regel ohne Angabe personenbezogener Daten m\u00f6glich. Soweit auf unseren Seiten personenbezogene Daten (beispielsweise Name, Anschrift oder E-Mail-Adressen) erhoben werden, erfolgt dies, soweit m\u00f6glich, stets auf freiwilliger Basis. Diese Daten werden ohne Ihre ausdr\u00fcckliche Zustimmung nicht an Dritte weitergegeben.\nWir weisen darauf hin, dass die Daten\u00fcbertragung im Internet (z.B. bei der Kommunikation per E-Mail) Sicherheitsl\u00fccken aufweisen kann. Ein l\u00fcckenloser Schutz der Daten vor dem Zugriff durch Dritte ist nicht m\u00f6glich.\n\n<strong>COOKIES<\/strong>\n\nDie Internetseiten verwenden teilweise so genannte Cookies. Cookies richten auf Ihrem Rechner keinen Schaden an und enthalten keine Viren. Cookies dienen dazu, unser Angebot nutzerfreundlicher, effektiver und sicherer zu machen. Cookies sind kleine Textdateien, die auf Ihrem Rechner abgelegt werden und die Ihr Browser speichert.\nDie meisten der von uns verwendeten Cookies sind so genannte \u201eSession-Cookies\u201c. Sie werden nach Ende Ihres Besuchs automatisch gel\u00f6scht. Andere Cookies bleiben auf Ihrem Endger\u00e4t gespeichert, bis Sie diese l\u00f6schen. Diese Cookies erm\u00f6glichen es uns, Ihren Browser beim n\u00e4chsten Besuch wiederzuerkennen.\nSie k\u00f6nnen Ihren Browser so einstellen, dass Sie \u00fcber das Setzen von Cookies informiert werden und Cookies nur im Einzelfall erlauben, die Annahme von Cookies f\u00fcr bestimmte F\u00e4lle oder generell ausschlie\u00dfen sowie das automatische L\u00f6schen der Cookies beim Schlie\u00dfen des Browser aktivieren. Bei der Deaktivierung von Cookies kann die Funktionalit\u00e4t dieser Website eingeschr\u00e4nkt sein.\n\n<strong>SERVER-LOG-FILES<\/strong>\n\nDer Provider der Seiten erhebt und speichert automatisch Informationen in so genannten Server-Log Files, die Ihr Browser automatisch an uns \u00fcbermittelt. Dies sind:\nBrowsertyp und Browserversion verwendetes Betriebssystem\nReferrer URL\nHostname des zugreifenden Rechners Uhrzeit der Serveranfrage\nDiese Daten sind nicht bestimmten Personen zuordenbar. Eine Zusammenf\u00fchrung dieser Daten mit anderen Datenquellen wird nicht vorgenommen. Wir behalten uns vor, diese Daten nachtr\u00e4glich zu pr\u00fcfen, wenn uns konkrete Anhaltspunkte f\u00fcr eine rechtswidrige Nutzung bekannt werden.\n\n<strong>FACEBOOK-PLUGINS (Like-Button)<\/strong>\n\nAuf unseren Seiten sind Plugins des sozialen Netzwerks Facebook, Anbieter Facebook Inc., 1 Hacker Way, Menlo Park, California 94025, USA, integriert. Die Facebook-Plugins erkennen Sie an dem Facebook-Logo oder dem \u201cLike-Button\u201d (\u201cGef\u00e4llt mir\u201d) auf unserer Seite. Eine \u00dcbersicht \u00fcber  die Facebook-Plugins finden Sie hier: https:\/\/developers.facebook.com\/docs\/plugins\/.\nWenn Sie unsere Seiten besuchen, wird \u00fcber das Plugin eine direkte Verbindung zwischen Ihrem Browser und dem Facebook-Server hergestellt. Facebook erh\u00e4lt dadurch die Information, dass Sie mit Ihrer IP-Adresse unsere Seite besucht haben. Wenn Sie den Facebook \u201cLike-Button\u201d anklicken w\u00e4hrend Sie in Ihrem Facebook-Account eingeloggt sind, k\u00f6nnen Sie die Inhalte unserer Seiten auf Ihrem Facebook-Profil verlinken. Dadurch kann Facebook den Besuch unserer Seiten Ihrem Benutzerkonto zuordnen. Wir weisen darauf hin, dass wir als Anbieter der Seiten keine Kenntnis vom Inhalt der \u00fcbermittelten Daten sowie deren Nutzung durch Facebook erhalten. Weitere Informationen hierzu finden Sie in der Datenschutzerkl\u00e4rung von Facebook unter https:\/\/de-de.facebook.com\/policy.php.\nWenn Sie nicht w\u00fcnschen, dass Facebook den Besuch unserer Seiten Ihrem Facebook-Nutzerkonto zuordnen kann, loggen Sie sich bitte aus Ihrem Facebook-Benutzerkonto aus.\n\n<strong>TWITTER<\/strong>\n\nAuf unseren Seiten sind Funktionen des Dienstes Twitter eingebunden. Diese Funktionen werden angeboten durch die Twitter Inc., 1355 Market Street, Suite 900, San Francisco, CA 94103, USA. Durch das Benutzen von Twitter und der Funktion \u201cRe-Tweet\u201d werden die von Ihnen besuchten Websites mit Ihrem Twitter-Account verkn\u00fcpft und anderen Nutzern bekannt gegeben. Dabei werden auch Daten an Twitter \u00fcbertragen. Wir weisen darauf hin, dass wir als Anbieter der Seiten keine Kenntnis vom Inhalt der \u00fcbermittelten Daten sowie deren Nutzung durch Twitter erhalten. Weitere Informationen hierzu finden Sie in der Datenschutzerkl\u00e4rung von Twitter unter https:\/\/twitter.com\/privacy.\nIhre Datenschutzeinstellungen bei Twitter k\u00f6nnen Sie in den Konto-Einstellungen unter: https:\/\/twitter.com\/account\/settings \u00e4ndern.\n\n\n<strong>SOUNDCLOUD<\/strong>\n\nAuf unseren Seiten k\u00f6nnen Plugins des sozialen Netzwerks SoundCloud (SoundCloud Limited, Berners House, 47-48 Berners Street, London W1T 3NF, Gro\u00dfbritannien.) integriert sein. Die SoundCloud-Plugins erkennen Sie an dem SoundCloud-Logo auf den betroffenen Seiten.\nWenn Sie unsere Seiten besuchen, wird nach Aktivierung des Plugin eine direkte Verbindung zwischen Ihrem Browser und dem SoundCloud-Server hergestellt. SoundCloud erh\u00e4lt dadurch die Information, dass Sie mit Ihrer IP-Adresse unsere Seite besucht haben. Wenn Sie den \u201cLike-Button\u201d oder \u201cShare-Button\u201d anklicken w\u00e4hrend Sie in Ihrem SoundCloud- Benutzerkonto eingeloggt sind, k\u00f6nnen Sie die Inhalte unserer Seiten mit Ihrem SoundCloud-Profil verlinken und\/oder teilen. Dadurch kann SoundCloud Ihrem Benutzerkonto den Besuch unserer Seiten zuordnen. Wir weisen darauf hin, dass wir als Anbieter der Seiten keine Kenntnis vom Inhalt der \u00fcbermittelten Daten sowie deren Nutzung durch SoundCloud erhalten. Weitere Informationen hierzu finden Sie in der Datenschutzerkl\u00e4rung von SoundCloud unter: https:\/\/soundcloud.com\/pages\/privacy\nWenn Sie nicht w\u00fcnschen, dass Soundcloud den Besuch unserer Seiten Ihrem SoundCloud-\nBenutzerkonto zuordnet, loggen Sie sich bitte aus Ihrem SoundCloud-Benutzerkonto aus bevor Sie Inhalte des SoundCloud-Plugins aktivieren.\n\n<strong>BANDCAMP<\/strong>\n\nAuf unseren Seiten k\u00f6nnen Plugins des sozialen Netzwerks Bandcamp (Bandcamp, 178 Castro St., San Francisco, CA 94114, USA.) integriert sein. Bei Besuch einer Seite mit Bandcamp-Plugin, wird mit den Bandcamp Servern verbunden. Bandcamp wird dann mitgeteilt, welche Seiten Sie besuchen. Wenn Sie nicht wollen, dass Bandcamp Ihr Surfverhalten mitverfolgt, sollten Sie sich vorher aus ihrem Bandcamp-Account ausloggen. Weitere Informationen zum Datenschutz bei \u201eBandcamp\u201c finden Sie in der Datenschutzerkl\u00e4rung des Anbieters unter: https:\/\/bandcamp.com\/privacy\n\n<strong>YOUTUBE<\/strong>\n\nUnsere Website nutzt Plugins der von Google betriebenen Seite YouTube. Betreiber der Seiten ist die YouTube, LLC, 901 Cherry Ave., San Bruno, CA 94066, USA. Wenn Sie eine unserer mit einem YouTube- Plugin ausgestatteten Seiten besuchen, wird eine Verbindung zu den Servern von YouTube hergestellt. Dabei wird dem Youtube-Server mitgeteilt, welche unserer Seiten Sie besucht haben.\nWenn Sie in Ihrem YouTube-Account eingeloggt sind erm\u00f6glichen Sie YouTube, Ihr Surfverhalten direkt Ihrem pers\u00f6nlichen Profil zuzuordnen. Dies k\u00f6nnen Sie verhindern, indem Sie sich aus Ihrem YouTube- Account ausloggen.\nWeitere Informationen zum Umgang von Nutzerdaten finden Sie in der Datenschutzerkl\u00e4rung von YouTube unter: https:\/\/www.google.de\/intl\/de\/policies\/privacy\n\ndigitrash.de wird betrieben von:\nThomas M\u00fcller \nVehliner Dorfstr. 40 \n16866 Vehlin \nmueller451@protonmail.com \nTel. +49.157.54386369\n\n\u00a9 2022<\/pre>\n\n\n\n<p><\/p>\n","protected":false},"excerpt":{"rendered":"<p>IMPRESSUM UND DATENSCHUTZERKL\u00c4RUNG Herausgeber: Thomas M\u00fcller Vehliner Dorfstra\u00dfe. 40 16866 Vehlin +49.157.54386369 mueller451@protonmail.com URHEBERRECHT Texte, Bilder und Grafiken dieser Website unterliegen dem Schutz des Urheberrechts und weiterer Schutzgesetze. Sie d\u00fcrfen nicht zu kommerziellen Zwecken kopiert, verbreitet oder ver\u00e4ndert werden. HAFTUNG UND GARANTIE digitrash.de schlie\u00dft jede Haftung aus f\u00fcr Sch\u00e4den, die direkt oder indirekt aus der &hellip; <\/p>\n<p class=\"link-more\"><a href=\"https:\/\/www.digitrash.de\/?page_id=3\" class=\"more-link\">Continue reading<span class=\"screen-reader-text\"> &#8222;IMPRESSUM UND DATENSCHUTZERKL\u00c4RUNG&#8220;<\/span><\/a><\/p>\n","protected":false},"author":1,"featured_media":0,"parent":2,"menu_order":0,"comment_status":"closed","ping_status":"open","template":"templates\/wide-page-template.php","meta":{"footnotes":""},"class_list":["post-3","page","type-page","status-publish","hentry","no-thumbnail"],"_links":{"self":[{"href":"https:\/\/www.digitrash.de\/index.php?rest_route=\/wp\/v2\/pages\/3","targetHints":{"allow":["GET"]}}],"collection":[{"href":"https:\/\/www.digitrash.de\/index.php?rest_route=\/wp\/v2\/pages"}],"about":[{"href":"https:\/\/www.digitrash.de\/index.php?rest_route=\/wp\/v2\/types\/page"}],"author":[{"embeddable":true,"href":"https:\/\/www.digitrash.de\/index.php?rest_route=\/wp\/v2\/users\/1"}],"replies":[{"embeddable":true,"href":"https:\/\/www.digitrash.de\/index.php?rest_route=%2Fwp%2Fv2%2Fcomments&post=3"}],"version-history":[{"count":6,"href":"https:\/\/www.digitrash.de\/index.php?rest_route=\/wp\/v2\/pages\/3\/revisions"}],"predecessor-version":[{"id":136,"href":"https:\/\/www.digitrash.de\/index.php?rest_route=\/wp\/v2\/pages\/3\/revisions\/136"}],"up":[{"embeddable":true,"href":"https:\/\/www.digitrash.de\/index.php?rest_route=\/wp\/v2\/pages\/2"}],"wp:attachment":[{"href":"https:\/\/www.digitrash.de\/index.php?rest_route=%2Fwp%2Fv2%2Fmedia&parent=3"}],"curies":[{"name":"wp","href":"https:\/\/api.w.org\/{rel}","templated":true}]}}